{"id":18606,"date":"2023-04-21T10:36:02","date_gmt":"2023-04-21T08:36:02","guid":{"rendered":"https:\/\/www.ema-bia.com\/shop\/unkategorisiert\/foulard-in-pura-seta-viola\/"},"modified":"2025-02-07T11:06:38","modified_gmt":"2025-02-07T10:06:38","slug":"bedrucktes-violettes-seidentuch","status":"publish","type":"product","link":"https:\/\/www.ema-bia.com\/de\/shop\/accessoires\/bedrucktes-violettes-seidentuch\/","title":{"rendered":"Bedrucktes violettes Seidentuch &#8211; Silky Stripes"},"content":{"rendered":"<p>Halsw\u00e4rmer aus <strong>reiner violetter Seide<\/strong>, Silky Stripe, mit<strong> floralem Druck<\/strong>.<\/p>\n<p>Rundschal aus bedruckter Seide und <strong>Schleifen aus einfarbiger violetter Seide<\/strong>.<\/p>\n<p>Kleines bedrucktes Seidentuch, ideal zum Umwickeln des Halses, als G\u00fcrtel f\u00fcr ein neues Outfit oder als Haaraccessoire.<\/p>\n<p>Lass dich von der Seide aus Como w\u00e4rmen, 100% reine Seide.<\/em><br \/><em>Unsere Produkte sind echte <strong>Unikate<\/strong>, die mit Leidenschaft und Handwerkskunst hergestellt werden. Jedes <strong>Einzelst\u00fcck<\/strong> ist Teil einer <strong>exklusiven Kollektion<\/strong>, das Ergebnis einer sorgf\u00e4ltigen Materialauswahl und eines Herstellungsprozesses, der die besonderen Eigenschaften jedes Elements hervorhebt. Unsere Kollektionen repr\u00e4sentieren die Exzellenz der Handwerkskunst und bieten St\u00fccke, die eine einzigartige Geschichte erz\u00e4hlen.<\/em><br \/>Exklusive Kollektion von Produkten, die f\u00fcr jeden Anlass geeignet sind.<br \/>\nUnsere Kollektionen werden mit Liebe zum Detail und Qualit\u00e4t zusammengestellt, um Ihnen immer das Beste zu bieten.<\/p>\n","protected":false},"excerpt":{"rendered":"<p>Halsw\u00e4rmer aus reiner violetter Seide, Silky Stripe, mit floralem Druck. Rundschal aus bedruckter Seide und Schleifen aus einfarbiger violetter Seide. Kleines bedrucktes Seidentuch, ideal zum Umwickeln des Halses, als G\u00fcrtel f\u00fcr ein neues Outfit oder als Haaraccessoire. Lass dich von der Seide aus Como w\u00e4rmen, 100% reine Seide.Unsere Produkte sind echte Unikate, die mit Leidenschaft [&hellip;]<\/p>\n","protected":false},"featured_media":8231,"comment_status":"open","ping_status":"closed","template":"","meta":{"_joinchat":[]},"product_brand":[],"product_cat":[332,348],"product_tag":[],"class_list":{"0":"post-18606","1":"product","2":"type-product","3":"status-publish","4":"has-post-thumbnail","6":"product_cat-accessoires","7":"product_cat-kopftuch-silky-stripes","9":"first","10":"instock","11":"taxable","12":"shipping-taxable","13":"purchasable","14":"product-type-simple"},"yoast_head":"<!-- This site is optimized with the Yoast SEO Premium plugin v27.4 (Yoast SEO v27.5) - https:\/\/yoast.com\/product\/yoast-seo-premium-wordpress\/ -->\n<title>Bedrucktes violettes Seidentuch - Silky Stripes | Scaldacollo | EMA-BIA<\/title>\n<meta name=\"description\" content=\"Kaufen Sie online Bedrucktes violettes Seidentuch - Silky Stripes in unserem Shop und entdecken Sie Angebote f\u00fcr EMA-BIA Produkte aus reiner Seide und 100% Made in Italy!\" \/>\n<meta name=\"robots\" content=\"index, follow, max-snippet:-1, max-image-preview:large, max-video-preview:-1\" \/>\n<link rel=\"canonical\" href=\"https:\/\/www.ema-bia.com\/de\/shop\/accessoires\/bedrucktes-violettes-seidentuch\/\" \/>\n<meta property=\"og:locale\" content=\"de_DE\" \/>\n<meta property=\"og:type\" content=\"article\" \/>\n<meta property=\"og:title\" content=\"Bedrucktes violettes Seidentuch - Silky Stripes\" \/>\n<meta property=\"og:description\" content=\"Kaufen Sie online Bedrucktes violettes Seidentuch - Silky Stripes in unserem Shop und entdecken Sie Angebote f\u00fcr EMA-BIA Produkte aus reiner Seide und 100% Made in Italy!\" \/>\n<meta property=\"og:url\" content=\"https:\/\/www.ema-bia.com\/de\/shop\/accessoires\/bedrucktes-violettes-seidentuch\/\" \/>\n<meta property=\"og:site_name\" content=\"EMA-BIA\" \/>\n<meta property=\"article:publisher\" content=\"https:\/\/www.facebook.com\/silky.ema.bia\/\" \/>\n<meta property=\"article:modified_time\" content=\"2025-02-07T10:06:38+00:00\" \/>\n<meta property=\"og:image\" content=\"https:\/\/www.ema-bia.com\/wp-content\/uploads\/2023\/04\/foulard-in-pura-seta-viola.webp\" \/>\n\t<meta property=\"og:image:width\" content=\"1000\" \/>\n\t<meta property=\"og:image:height\" content=\"1000\" \/>\n\t<meta property=\"og:image:type\" content=\"image\/webp\" \/>\n<meta name=\"twitter:card\" content=\"summary_large_image\" \/>\n<meta name=\"twitter:label1\" content=\"Preis\" \/>\n\t<meta name=\"twitter:data1\" content=\"&euro;&nbsp;69.00\" \/>\n\t<meta name=\"twitter:label2\" content=\"Verf\u00fcgbarkeit\" \/>\n\t<meta name=\"twitter:data2\" content=\"Auf Lager\" \/>\n<script type=\"application\/ld+json\" class=\"yoast-schema-graph\">{\"@context\":\"https:\\\/\\\/schema.org\",\"@graph\":[{\"@type\":\"WebPage\",\"@id\":\"https:\\\/\\\/www.ema-bia.com\\\/de\\\/shop\\\/accessoires\\\/bedrucktes-violettes-seidentuch\\\/\",\"url\":\"https:\\\/\\\/www.ema-bia.com\\\/de\\\/shop\\\/accessoires\\\/bedrucktes-violettes-seidentuch\\\/\",\"name\":\"Bedrucktes violettes Seidentuch - Silky Stripes | Scaldacollo | EMA-BIA\",\"isPartOf\":{\"@id\":\"https:\\\/\\\/www.ema-bia.com\\\/de\\\/#website\"},\"primaryImageOfPage\":{\"@id\":\"https:\\\/\\\/www.ema-bia.com\\\/de\\\/shop\\\/accessoires\\\/bedrucktes-violettes-seidentuch\\\/#primaryimage\"},\"image\":{\"@id\":\"https:\\\/\\\/www.ema-bia.com\\\/de\\\/shop\\\/accessoires\\\/bedrucktes-violettes-seidentuch\\\/#primaryimage\"},\"thumbnailUrl\":\"https:\\\/\\\/www.ema-bia.com\\\/wp-content\\\/uploads\\\/2023\\\/04\\\/foulard-in-pura-seta-viola.webp\",\"datePublished\":\"2023-04-21T08:36:02+00:00\",\"dateModified\":\"2025-02-07T10:06:38+00:00\",\"description\":\"Kaufen Sie online Bedrucktes violettes Seidentuch - Silky Stripes in unserem Shop und entdecken Sie Angebote f\u00fcr EMA-BIA Produkte aus reiner Seide und 100% Made in Italy!\",\"breadcrumb\":{\"@id\":\"https:\\\/\\\/www.ema-bia.com\\\/de\\\/shop\\\/accessoires\\\/bedrucktes-violettes-seidentuch\\\/#breadcrumb\"},\"inLanguage\":\"de\",\"potentialAction\":[{\"@type\":\"ReadAction\",\"target\":[\"https:\\\/\\\/www.ema-bia.com\\\/de\\\/shop\\\/accessoires\\\/bedrucktes-violettes-seidentuch\\\/\"]}]},{\"@type\":\"ImageObject\",\"inLanguage\":\"de\",\"@id\":\"https:\\\/\\\/www.ema-bia.com\\\/de\\\/shop\\\/accessoires\\\/bedrucktes-violettes-seidentuch\\\/#primaryimage\",\"url\":\"https:\\\/\\\/www.ema-bia.com\\\/wp-content\\\/uploads\\\/2023\\\/04\\\/foulard-in-pura-seta-viola.webp\",\"contentUrl\":\"https:\\\/\\\/www.ema-bia.com\\\/wp-content\\\/uploads\\\/2023\\\/04\\\/foulard-in-pura-seta-viola.webp\",\"width\":1000,\"height\":1000,\"caption\":\"Foulard in pura seta viola\"},{\"@type\":\"BreadcrumbList\",\"@id\":\"https:\\\/\\\/www.ema-bia.com\\\/de\\\/shop\\\/accessoires\\\/bedrucktes-violettes-seidentuch\\\/#breadcrumb\",\"itemListElement\":[{\"@type\":\"ListItem\",\"position\":1,\"name\":\"Home\",\"item\":\"https:\\\/\\\/www.ema-bia.com\\\/de\\\/\"},{\"@type\":\"ListItem\",\"position\":2,\"name\":\"Shop\",\"item\":\"https:\\\/\\\/www.ema-bia.com\\\/de\\\/shop\\\/\"},{\"@type\":\"ListItem\",\"position\":3,\"name\":\"Bedrucktes violettes Seidentuch &#8211; Silky Stripes\"}]},{\"@type\":\"WebSite\",\"@id\":\"https:\\\/\\\/www.ema-bia.com\\\/de\\\/#website\",\"url\":\"https:\\\/\\\/www.ema-bia.com\\\/de\\\/\",\"name\":\"EMA-BIA\",\"description\":\"Accessori e borse in seta di alta qualit\u00e0\",\"publisher\":{\"@id\":\"https:\\\/\\\/www.ema-bia.com\\\/de\\\/#organization\"},\"alternateName\":\"Borse in seta Made in Italy\",\"potentialAction\":[{\"@type\":\"SearchAction\",\"target\":{\"@type\":\"EntryPoint\",\"urlTemplate\":\"https:\\\/\\\/www.ema-bia.com\\\/de\\\/?s={search_term_string}\"},\"query-input\":{\"@type\":\"PropertyValueSpecification\",\"valueRequired\":true,\"valueName\":\"search_term_string\"}}],\"inLanguage\":\"de\"},{\"@type\":\"Organization\",\"@id\":\"https:\\\/\\\/www.ema-bia.com\\\/de\\\/#organization\",\"name\":\"EMA-BIA\",\"alternateName\":\"EMA-BIA borse e accessori\",\"url\":\"https:\\\/\\\/www.ema-bia.com\\\/de\\\/\",\"logo\":{\"@type\":\"ImageObject\",\"inLanguage\":\"de\",\"@id\":\"https:\\\/\\\/www.ema-bia.com\\\/de\\\/#\\\/schema\\\/logo\\\/image\\\/\",\"url\":\"https:\\\/\\\/www.ema-bia.com\\\/wp-content\\\/uploads\\\/2024\\\/12\\\/Nero-Cerchio-con-Posate-Ristorante-Logo.png\",\"contentUrl\":\"https:\\\/\\\/www.ema-bia.com\\\/wp-content\\\/uploads\\\/2024\\\/12\\\/Nero-Cerchio-con-Posate-Ristorante-Logo.png\",\"width\":1500,\"height\":1500,\"caption\":\"EMA-BIA\"},\"image\":{\"@id\":\"https:\\\/\\\/www.ema-bia.com\\\/de\\\/#\\\/schema\\\/logo\\\/image\\\/\"},\"sameAs\":[\"https:\\\/\\\/www.facebook.com\\\/silky.ema.bia\\\/\",\"https:\\\/\\\/www.instagram.com\\\/ema.bia\\\/\",\"https:\\\/\\\/www.linkedin.com\\\/company\\\/ema-bia\\\/\",\"https:\\\/\\\/www.youtube.com\\\/@ema-bia3311\\\/featured\",\"https:\\\/\\\/www.tiktok.com\\\/@ema.bia\"],\"hasMerchantReturnPolicy\":{\"@type\":\"MerchantReturnPolicy\",\"merchantReturnLink\":\"https:\\\/\\\/www.ema-bia.com\\\/diritto-di-recesso\\\/\"}}]}<\/script>\n<meta property=\"product:price:amount\" content=\"69.00\" \/>\n<meta property=\"product:price:currency\" content=\"EUR\" \/>\n<meta property=\"og:availability\" content=\"instock\" \/>\n<meta property=\"product:availability\" content=\"instock\" \/>\n<meta property=\"product:retailer_item_id\" content=\"8056420312423\" \/>\n<meta property=\"product:condition\" content=\"new\" \/>\n<!-- \/ Yoast SEO Premium plugin. -->","yoast_head_json":{"title":"Bedrucktes violettes Seidentuch - Silky Stripes | Scaldacollo | EMA-BIA","description":"Kaufen Sie online Bedrucktes violettes Seidentuch - Silky Stripes in unserem Shop und entdecken Sie Angebote f\u00fcr EMA-BIA Produkte aus reiner Seide und 100% Made in Italy!","robots":{"index":"index","follow":"follow","max-snippet":"max-snippet:-1","max-image-preview":"max-image-preview:large","max-video-preview":"max-video-preview:-1"},"canonical":"https:\/\/www.ema-bia.com\/de\/shop\/accessoires\/bedrucktes-violettes-seidentuch\/","og_locale":"de_DE","og_type":"article","og_title":"Bedrucktes violettes Seidentuch - Silky Stripes","og_description":"Kaufen Sie online Bedrucktes violettes Seidentuch - Silky Stripes in unserem Shop und entdecken Sie Angebote f\u00fcr EMA-BIA Produkte aus reiner Seide und 100% Made in Italy!","og_url":"https:\/\/www.ema-bia.com\/de\/shop\/accessoires\/bedrucktes-violettes-seidentuch\/","og_site_name":"EMA-BIA","article_publisher":"https:\/\/www.facebook.com\/silky.ema.bia\/","article_modified_time":"2025-02-07T10:06:38+00:00","og_image":[{"width":1000,"height":1000,"url":"https:\/\/www.ema-bia.com\/wp-content\/uploads\/2023\/04\/foulard-in-pura-seta-viola.webp","type":"image\/webp"}],"twitter_card":"summary_large_image","twitter_misc":{"Preis":"&euro;&nbsp;69.00","Verf\u00fcgbarkeit":"Auf Lager"},"schema":{"@context":"https:\/\/schema.org","@graph":[{"@type":"WebPage","@id":"https:\/\/www.ema-bia.com\/de\/shop\/accessoires\/bedrucktes-violettes-seidentuch\/","url":"https:\/\/www.ema-bia.com\/de\/shop\/accessoires\/bedrucktes-violettes-seidentuch\/","name":"Bedrucktes violettes Seidentuch - Silky Stripes | Scaldacollo | EMA-BIA","isPartOf":{"@id":"https:\/\/www.ema-bia.com\/de\/#website"},"primaryImageOfPage":{"@id":"https:\/\/www.ema-bia.com\/de\/shop\/accessoires\/bedrucktes-violettes-seidentuch\/#primaryimage"},"image":{"@id":"https:\/\/www.ema-bia.com\/de\/shop\/accessoires\/bedrucktes-violettes-seidentuch\/#primaryimage"},"thumbnailUrl":"https:\/\/www.ema-bia.com\/wp-content\/uploads\/2023\/04\/foulard-in-pura-seta-viola.webp","datePublished":"2023-04-21T08:36:02+00:00","dateModified":"2025-02-07T10:06:38+00:00","description":"Kaufen Sie online Bedrucktes violettes Seidentuch - Silky Stripes in unserem Shop und entdecken Sie Angebote f\u00fcr EMA-BIA Produkte aus reiner Seide und 100% Made in Italy!","breadcrumb":{"@id":"https:\/\/www.ema-bia.com\/de\/shop\/accessoires\/bedrucktes-violettes-seidentuch\/#breadcrumb"},"inLanguage":"de","potentialAction":[{"@type":"ReadAction","target":["https:\/\/www.ema-bia.com\/de\/shop\/accessoires\/bedrucktes-violettes-seidentuch\/"]}]},{"@type":"ImageObject","inLanguage":"de","@id":"https:\/\/www.ema-bia.com\/de\/shop\/accessoires\/bedrucktes-violettes-seidentuch\/#primaryimage","url":"https:\/\/www.ema-bia.com\/wp-content\/uploads\/2023\/04\/foulard-in-pura-seta-viola.webp","contentUrl":"https:\/\/www.ema-bia.com\/wp-content\/uploads\/2023\/04\/foulard-in-pura-seta-viola.webp","width":1000,"height":1000,"caption":"Foulard in pura seta viola"},{"@type":"BreadcrumbList","@id":"https:\/\/www.ema-bia.com\/de\/shop\/accessoires\/bedrucktes-violettes-seidentuch\/#breadcrumb","itemListElement":[{"@type":"ListItem","position":1,"name":"Home","item":"https:\/\/www.ema-bia.com\/de\/"},{"@type":"ListItem","position":2,"name":"Shop","item":"https:\/\/www.ema-bia.com\/de\/shop\/"},{"@type":"ListItem","position":3,"name":"Bedrucktes violettes Seidentuch &#8211; Silky Stripes"}]},{"@type":"WebSite","@id":"https:\/\/www.ema-bia.com\/de\/#website","url":"https:\/\/www.ema-bia.com\/de\/","name":"EMA-BIA","description":"Accessori e borse in seta di alta qualit\u00e0","publisher":{"@id":"https:\/\/www.ema-bia.com\/de\/#organization"},"alternateName":"Borse in seta Made in Italy","potentialAction":[{"@type":"SearchAction","target":{"@type":"EntryPoint","urlTemplate":"https:\/\/www.ema-bia.com\/de\/?s={search_term_string}"},"query-input":{"@type":"PropertyValueSpecification","valueRequired":true,"valueName":"search_term_string"}}],"inLanguage":"de"},{"@type":"Organization","@id":"https:\/\/www.ema-bia.com\/de\/#organization","name":"EMA-BIA","alternateName":"EMA-BIA borse e accessori","url":"https:\/\/www.ema-bia.com\/de\/","logo":{"@type":"ImageObject","inLanguage":"de","@id":"https:\/\/www.ema-bia.com\/de\/#\/schema\/logo\/image\/","url":"https:\/\/www.ema-bia.com\/wp-content\/uploads\/2024\/12\/Nero-Cerchio-con-Posate-Ristorante-Logo.png","contentUrl":"https:\/\/www.ema-bia.com\/wp-content\/uploads\/2024\/12\/Nero-Cerchio-con-Posate-Ristorante-Logo.png","width":1500,"height":1500,"caption":"EMA-BIA"},"image":{"@id":"https:\/\/www.ema-bia.com\/de\/#\/schema\/logo\/image\/"},"sameAs":["https:\/\/www.facebook.com\/silky.ema.bia\/","https:\/\/www.instagram.com\/ema.bia\/","https:\/\/www.linkedin.com\/company\/ema-bia\/","https:\/\/www.youtube.com\/@ema-bia3311\/featured","https:\/\/www.tiktok.com\/@ema.bia"],"hasMerchantReturnPolicy":{"@type":"MerchantReturnPolicy","merchantReturnLink":"https:\/\/www.ema-bia.com\/diritto-di-recesso\/"}}]},"product_price_amount":"69.00","product_price_currency":"EUR","og_availability":"instock","product_availability":"instock","product_retailer_item_id":"8056420312423","product_condition":"new"},"_links":{"self":[{"href":"https:\/\/www.ema-bia.com\/de\/wp-json\/wp\/v2\/product\/18606","targetHints":{"allow":["GET"]}}],"collection":[{"href":"https:\/\/www.ema-bia.com\/de\/wp-json\/wp\/v2\/product"}],"about":[{"href":"https:\/\/www.ema-bia.com\/de\/wp-json\/wp\/v2\/types\/product"}],"replies":[{"embeddable":true,"href":"https:\/\/www.ema-bia.com\/de\/wp-json\/wp\/v2\/comments?post=18606"}],"wp:featuredmedia":[{"embeddable":true,"href":"https:\/\/www.ema-bia.com\/de\/wp-json\/wp\/v2\/media\/8231"}],"wp:attachment":[{"href":"https:\/\/www.ema-bia.com\/de\/wp-json\/wp\/v2\/media?parent=18606"}],"wp:term":[{"taxonomy":"product_brand","embeddable":true,"href":"https:\/\/www.ema-bia.com\/de\/wp-json\/wp\/v2\/product_brand?post=18606"},{"taxonomy":"product_cat","embeddable":true,"href":"https:\/\/www.ema-bia.com\/de\/wp-json\/wp\/v2\/product_cat?post=18606"},{"taxonomy":"product_tag","embeddable":true,"href":"https:\/\/www.ema-bia.com\/de\/wp-json\/wp\/v2\/product_tag?post=18606"}],"curies":[{"name":"wp","href":"https:\/\/api.w.org\/{rel}","templated":true}]}}